{"id":3079,"date":"2021-10-12T06:41:15","date_gmt":"2021-10-12T06:41:15","guid":{"rendered":"https:\/\/topfriesians.com\/?page_id=3079"},"modified":"2021-10-19T10:00:30","modified_gmt":"2021-10-19T10:00:30","slug":"transport-of-horses","status":"publish","type":"page","link":"https:\/\/topfriesians.com\/de\/transport-of-horses\/","title":{"rendered":"Export Pferde aus Holland"},"content":{"rendered":"<div data-elementor-type=\"wp-page\" data-elementor-id=\"3079\" class=\"elementor elementor-3079\">\n\t\t\t\t\t\t<section class=\"elementor-section elementor-top-section elementor-element elementor-element-fe253c9 elementor-section-boxed elementor-section-height-default elementor-section-height-default\" data-id=\"fe253c9\" data-element_type=\"section\" data-e-type=\"section\">\n\t\t\t\t\t\t<div class=\"elementor-container elementor-column-gap-default\">\n\t\t\t\t\t<div class=\"elementor-column elementor-col-100 elementor-top-column elementor-element elementor-element-2e1d21e\" data-id=\"2e1d21e\" data-element_type=\"column\" data-e-type=\"column\">\n\t\t\t<div class=\"elementor-widget-wrap elementor-element-populated\">\n\t\t\t\t\t\t<div class=\"elementor-element elementor-element-76640c3 elementor-widget elementor-widget-text-editor\" data-id=\"76640c3\" data-element_type=\"widget\" data-e-type=\"widget\" data-widget_type=\"text-editor.default\">\n\t\t\t\t<div class=\"elementor-widget-container\">\n\t\t\t\t\t\t\t\t\t<h1>Friesische Pferde zum Verkauf in Holand: Hengste, Stuten, Wallache, Fohlen<\/h1><p><div id=\"metaslider-id-3284\" style=\"max-width: 370px;\" class=\"ml-slider-3-108-0 metaslider metaslider-flex metaslider-3284 ml-slider ms-theme-default nav-hidden\" role=\"region\" aria-label=\"Horse\" data-height=\"278\" data-width=\"370\">\n    <div id=\"metaslider_container_3284\">\n        <div id=\"metaslider_3284\">\n            <ul class='slides'>\n                <li style=\"display: block; width: 100%;\" class=\"slide-3950 ms-image\" aria-roledescription=\"slide\" data-date=\"2021-10-30 15:17:32\" data-filename=\"Friesian-mare-Day-Dream-370x278.jpg\" data-slide-type=\"image\"><img fetchpriority=\"high\" decoding=\"async\" src=\"https:\/\/topfriesians.com\/wp-content\/uploads\/2021\/10\/Friesian-mare-Day-Dream-370x278.jpg\" height=\"278\" width=\"370\" alt=\"Friesian mare Day Dream\" class=\"slider-3284 slide-3950 msDefaultImage\" title=\"Friesian mare Day Dream\" \/><\/li>\n                <li style=\"display: none; width: 100%;\" class=\"slide-3951 ms-image\" aria-roledescription=\"slide\" data-date=\"2021-10-30 15:17:46\" data-filename=\"Friesian-young-mare-for-sale-370x278.jpg\" data-slide-type=\"image\"><img decoding=\"async\" src=\"https:\/\/topfriesians.com\/wp-content\/uploads\/2021\/10\/Friesian-young-mare-for-sale-370x278.jpg\" height=\"278\" width=\"370\" alt=\"Friesian young mare for sale\" class=\"slider-3284 slide-3951 msDefaultImage\" title=\"Friesian young mare for sale\" \/><\/li>\n                <li style=\"display: none; width: 100%;\" class=\"slide-3952 ms-image\" aria-roledescription=\"slide\" data-date=\"2021-10-30 15:17:54\" data-filename=\"Dutch-horse-Day-Dream-370x278.jpg\" data-slide-type=\"image\"><img decoding=\"async\" src=\"https:\/\/topfriesians.com\/wp-content\/uploads\/2021\/10\/Dutch-horse-Day-Dream-370x278.jpg\" height=\"278\" width=\"370\" alt=\"\" class=\"slider-3284 slide-3952 msDefaultImage\" title=\"Dutch horse Day Dream\" \/><\/li>\n                <li style=\"display: none; width: 100%;\" class=\"slide-3964 ms-image\" aria-roledescription=\"slide\" data-date=\"2021-10-30 15:31:34\" data-filename=\"Dutch-Frizian-for-sale-370x278.jpg\" data-slide-type=\"image\"><img loading=\"lazy\" decoding=\"async\" src=\"https:\/\/topfriesians.com\/wp-content\/uploads\/2021\/10\/Dutch-Frizian-for-sale-370x278.jpg\" height=\"278\" width=\"370\" alt=\"Dutch Frizian for sale\" class=\"slider-3284 slide-3964 msDefaultImage\" title=\"Dutch Frizian for sale\" \/><\/li>\n                <li style=\"display: none; width: 100%;\" class=\"slide-3462 ms-image\" aria-roledescription=\"slide\" data-date=\"2021-10-12 13:28:30\" data-filename=\"123.jpg\" data-slide-type=\"image\"><img loading=\"lazy\" decoding=\"async\" src=\"https:\/\/topfriesians.com\/wp-content\/uploads\/2021\/10\/123.jpg\" height=\"278\" width=\"370\" alt=\"\" class=\"slider-3284 slide-3462 msDefaultImage\" title=\"123\" \/><\/li>\n                <li style=\"display: none; width: 100%;\" class=\"slide-3461 ms-image\" aria-roledescription=\"slide\" data-date=\"2021-10-12 13:28:30\" data-filename=\"121.jpg\" data-slide-type=\"image\"><img loading=\"lazy\" decoding=\"async\" src=\"https:\/\/topfriesians.com\/wp-content\/uploads\/2021\/10\/121.jpg\" height=\"278\" width=\"370\" alt=\"\" class=\"slider-3284 slide-3461 msDefaultImage\" title=\"121\" \/><\/li>\n                <li style=\"display: none; width: 100%;\" class=\"slide-3460 ms-image\" aria-roledescription=\"slide\" data-date=\"2021-10-12 13:28:30\" data-filename=\"107-370x278.jpg\" data-slide-type=\"image\"><img loading=\"lazy\" decoding=\"async\" src=\"https:\/\/topfriesians.com\/wp-content\/uploads\/2021\/10\/107-370x278.jpg\" height=\"278\" width=\"370\" alt=\"\" class=\"slider-3284 slide-3460 msDefaultImage\" title=\"107\" \/><\/li>\n                <li style=\"display: none; width: 100%;\" class=\"slide-3469 ms-image\" aria-roledescription=\"slide\" data-date=\"2021-10-12 13:28:31\" data-filename=\"130.jpg\" data-slide-type=\"image\"><img loading=\"lazy\" decoding=\"async\" src=\"https:\/\/topfriesians.com\/wp-content\/uploads\/2021\/10\/130.jpg\" height=\"278\" width=\"370\" alt=\"\" class=\"slider-3284 slide-3469 msDefaultImage\" title=\"130\" \/><\/li>\n                <li style=\"display: none; width: 100%;\" class=\"slide-3463 ms-image\" aria-roledescription=\"slide\" data-date=\"2021-10-12 13:28:30\" data-filename=\"125.jpg\" data-slide-type=\"image\"><img loading=\"lazy\" decoding=\"async\" src=\"https:\/\/topfriesians.com\/wp-content\/uploads\/2021\/10\/125.jpg\" height=\"278\" width=\"370\" alt=\"\" class=\"slider-3284 slide-3463 msDefaultImage\" title=\"125\" \/><\/li>\n                <li style=\"display: none; width: 100%;\" class=\"slide-3466 ms-image\" aria-roledescription=\"slide\" data-date=\"2021-10-12 13:28:30\" data-filename=\"127.jpg\" data-slide-type=\"image\"><img loading=\"lazy\" decoding=\"async\" src=\"https:\/\/topfriesians.com\/wp-content\/uploads\/2021\/10\/127.jpg\" height=\"278\" width=\"370\" alt=\"\" class=\"slider-3284 slide-3466 msDefaultImage\" title=\"127\" \/><\/li>\n                <li style=\"display: none; width: 100%;\" class=\"slide-3467 ms-image\" aria-roledescription=\"slide\" data-date=\"2021-10-12 13:28:30\" data-filename=\"128.jpg\" data-slide-type=\"image\"><img loading=\"lazy\" decoding=\"async\" src=\"https:\/\/topfriesians.com\/wp-content\/uploads\/2021\/10\/128.jpg\" height=\"278\" width=\"370\" alt=\"\" class=\"slider-3284 slide-3467 msDefaultImage\" title=\"128\" \/><\/li>\n                <li style=\"display: none; width: 100%;\" class=\"slide-3468 ms-image\" aria-roledescription=\"slide\" data-date=\"2021-10-12 13:28:31\" data-filename=\"129.jpg\" data-slide-type=\"image\"><img loading=\"lazy\" decoding=\"async\" src=\"https:\/\/topfriesians.com\/wp-content\/uploads\/2021\/10\/129.jpg\" height=\"278\" width=\"370\" alt=\"\" class=\"slider-3284 slide-3468 msDefaultImage\" title=\"129\" \/><\/li>\n                <li style=\"display: none; width: 100%;\" class=\"slide-3759 ms-image\" aria-roledescription=\"slide\" data-date=\"2021-10-15 16:38:24\" data-filename=\"Friese-Veulens-qq-370x278.jpeg\" data-slide-type=\"image\"><img loading=\"lazy\" decoding=\"async\" src=\"https:\/\/topfriesians.com\/wp-content\/uploads\/2021\/10\/Friese-Veulens-qq-370x278.jpeg\" height=\"278\" width=\"370\" alt=\"Friese Veulens\" class=\"slider-3284 slide-3759 msDefaultImage\" title=\"Friese Veulens\" \/><\/li>\n                <li style=\"display: none; width: 100%;\" class=\"slide-3965 ms-image\" aria-roledescription=\"slide\" data-date=\"2021-10-30 15:31:34\" data-filename=\"Friese-merrie-Day-Dream-370x278.jpg\" data-slide-type=\"image\"><img loading=\"lazy\" decoding=\"async\" src=\"https:\/\/topfriesians.com\/wp-content\/uploads\/2021\/10\/Friese-merrie-Day-Dream-370x278.jpg\" height=\"278\" width=\"370\" alt=\"Friese merrie Day Dream\" class=\"slider-3284 slide-3965 msDefaultImage\" title=\"Friese merrie Day Dream\" \/><\/li>\n                <li style=\"display: none; width: 100%;\" class=\"slide-3760 ms-image\" aria-roledescription=\"slide\" data-date=\"2021-10-15 16:38:43\" data-filename=\"Friese-Jonge-paard-vader-Rommert-x-Jisse-370x278.jpeg\" data-slide-type=\"image\"><img loading=\"lazy\" decoding=\"async\" src=\"https:\/\/topfriesians.com\/wp-content\/uploads\/2021\/10\/Friese-Jonge-paard-vader-Rommert-x-Jisse-370x278.jpeg\" height=\"278\" width=\"370\" alt=\"Friese Jonge paard vader Rommert x Jisse\" class=\"slider-3284 slide-3760 msDefaultImage\" title=\"Friese Jonge paard vader Rommert x Jisse\" \/><\/li>\n                <li style=\"display: none; width: 100%;\" class=\"slide-3960 ms-image\" aria-roledescription=\"slide\" data-date=\"2021-10-30 15:31:14\" data-filename=\"Horse-from-Holland-for-sale-370x278.jpg\" data-slide-type=\"image\"><img loading=\"lazy\" decoding=\"async\" src=\"https:\/\/topfriesians.com\/wp-content\/uploads\/2021\/10\/Horse-from-Holland-for-sale-370x278.jpg\" height=\"278\" width=\"370\" alt=\"Horse from Holland for sale\" class=\"slider-3284 slide-3960 msDefaultImage\" title=\"Horse from Holland for sale\" \/><\/li>\n                <li style=\"display: none; width: 100%;\" class=\"slide-3961 ms-image\" aria-roledescription=\"slide\" data-date=\"2021-10-30 15:31:34\" data-filename=\"Horse-for-sale-from-The-Netherlands-370x278.jpg\" data-slide-type=\"image\"><img loading=\"lazy\" decoding=\"async\" src=\"https:\/\/topfriesians.com\/wp-content\/uploads\/2021\/10\/Horse-for-sale-from-The-Netherlands-370x278.jpg\" height=\"278\" width=\"370\" alt=\"Horse for sale from The Netherlands\" class=\"slider-3284 slide-3961 msDefaultImage\" title=\"Horse for sale from The Netherlands\" \/><\/li>\n                <li style=\"display: none; width: 100%;\" class=\"slide-3962 ms-image\" aria-roledescription=\"slide\" data-date=\"2021-10-30 15:31:34\" data-filename=\"Horse-for-sale-from-Holland-370x278.jpg\" data-slide-type=\"image\"><img loading=\"lazy\" decoding=\"async\" src=\"https:\/\/topfriesians.com\/wp-content\/uploads\/2021\/10\/Horse-for-sale-from-Holland-370x278.jpg\" height=\"278\" width=\"370\" alt=\"Horse for sale from Holland\" class=\"slider-3284 slide-3962 msDefaultImage\" title=\"Horse for sale from Holland\" \/><\/li>\n                <li style=\"display: none; width: 100%;\" class=\"slide-3963 ms-image\" aria-roledescription=\"slide\" data-date=\"2021-10-30 15:31:34\" data-filename=\"Friesian-mare-from-Holland-370x278.jpg\" data-slide-type=\"image\"><img loading=\"lazy\" decoding=\"async\" src=\"https:\/\/topfriesians.com\/wp-content\/uploads\/2021\/10\/Friesian-mare-from-Holland-370x278.jpg\" height=\"278\" width=\"370\" alt=\"Friesian mare from Holland\" class=\"slider-3284 slide-3963 msDefaultImage\" title=\"Friesian mare from Holland\" \/><\/li>\n            <\/ul>\n        <\/div>\n        \n    <\/div>\n<\/div>Die St\u00e4lle exportierten Pferde aus den Niederlanden weltweit. Die Pferde k\u00f6nnen per Flugzeug ( KLM Fracht fuer Pferde) Wagen oder andere Verkehrsmittel transportiert werden.<\/p><p>Wir bieten unseren Kunden einen umfassenden Service und \u00fcberwachen den gesamten Exportablauf in allen Stufen.<\/p><p>Unser Service beinhaltet:<\/p><ul><li>Die Vollst\u00e4ndige Untersuchung durch einen Tierarzt, auf Verlangen des K\u00e4ufers.<\/li><li>Volle Versicherung f\u00fcr jedes Pferd.<\/li><li>Auswahl und Buchung f\u00fcr den Transport.<\/li><\/ul><p>Sie m\u00fcssen sich nicht mit den Formalitaeten besch\u00e4ftigen. Auch nicht mit den Vorschriften \u00fcber die Blutuntersuchungen. Alle Pferde sind vom Veterinar untersucht. Es ist m\u00f6glich einen X-Ray machen zu lasen.<\/p><p>Wir versorgen Sie mit all den Unterlagen von dem Veterinar. Lassen Sie all das unsere Sorge sein. Wir tun dies t\u00e4glich.<\/p>\t\t\t\t\t\t\t\t<\/div>\n\t\t\t\t<\/div>\n\t\t\t\t\t<\/div>\n\t\t<\/div>\n\t\t\t\t\t<\/div>\n\t\t<\/section>\n\t\t\t\t<\/div>","protected":false},"excerpt":{"rendered":"<p>Export and transport of horses from Holland Dutch stables export horses from The Netherlands world wide. The horses can be transported by plain (KLM Cargo for horses), car and by other means. We provide our clients with full service and we support the whole export process in all the stages. Our service included the following: [&hellip;]<\/p>\n","protected":false},"author":3,"featured_media":0,"parent":0,"menu_order":0,"comment_status":"closed","ping_status":"closed","template":"","meta":{"site-sidebar-layout":"no-sidebar","site-content-layout":"plain-container","ast-site-content-layout":"default","site-content-style":"default","site-sidebar-style":"default","ast-global-header-display":"","ast-banner-title-visibility":"","ast-main-header-display":"","ast-hfb-above-header-display":"","ast-hfb-below-header-display":"","ast-hfb-mobile-header-display":"","site-post-title":"disabled","ast-breadcrumbs-content":"","ast-featured-img":"disabled","footer-sml-layout":"","theme-transparent-header-meta":"default","adv-header-id-meta":"","stick-header-meta":"","header-above-stick-meta":"","header-main-stick-meta":"","header-below-stick-meta":"","astra-migrate-meta-layouts":"default","ast-page-background-enabled":"default","ast-page-background-meta":{"desktop":{"background-color":"","background-image":"","background-repeat":"repeat","background-position":"center center","background-size":"auto","background-attachment":"scroll","background-type":"","background-media":"","overlay-type":"","overlay-color":"","overlay-opacity":"","overlay-gradient":""},"tablet":{"background-color":"","background-image":"","background-repeat":"repeat","background-position":"center center","background-size":"auto","background-attachment":"scroll","background-type":"","background-media":"","overlay-type":"","overlay-color":"","overlay-opacity":"","overlay-gradient":""},"mobile":{"background-color":"","background-image":"","background-repeat":"repeat","background-position":"center center","background-size":"auto","background-attachment":"scroll","background-type":"","background-media":"","overlay-type":"","overlay-color":"","overlay-opacity":"","overlay-gradient":""}},"ast-content-background-meta":{"desktop":{"background-color":"var(--ast-global-color-5)","background-image":"","background-repeat":"repeat","background-position":"center center","background-size":"auto","background-attachment":"scroll","background-type":"","background-media":"","overlay-type":"","overlay-color":"","overlay-opacity":"","overlay-gradient":""},"tablet":{"background-color":"var(--ast-global-color-5)","background-image":"","background-repeat":"repeat","background-position":"center center","background-size":"auto","background-attachment":"scroll","background-type":"","background-media":"","overlay-type":"","overlay-color":"","overlay-opacity":"","overlay-gradient":""},"mobile":{"background-color":"var(--ast-global-color-5)","background-image":"","background-repeat":"repeat","background-position":"center center","background-size":"auto","background-attachment":"scroll","background-type":"","background-media":"","overlay-type":"","overlay-color":"","overlay-opacity":"","overlay-gradient":""}},"footnotes":""},"class_list":["post-3079","page","type-page","status-publish","hentry"],"yoast_head":"<!-- This site is optimized with the Yoast SEO plugin v27.5 - https:\/\/yoast.com\/product\/yoast-seo-wordpress\/ -->\n<title>Export and transport of horses from Holland<\/title>\n<meta name=\"description\" content=\"Dutch stables export horses from The Netherlands worldwide. The horses can be transported by plain (KLM Cargo for horses), car and by other means.\" \/>\n<meta name=\"robots\" content=\"index, follow, max-snippet:-1, max-image-preview:large, max-video-preview:-1\" \/>\n<link rel=\"canonical\" href=\"https:\/\/topfriesians.com\/de\/transport-of-horses\/\" \/>\n<meta property=\"og:locale\" content=\"de_DE\" \/>\n<meta property=\"og:type\" content=\"article\" \/>\n<meta property=\"og:title\" content=\"Export and transport of horses from Holland\" \/>\n<meta property=\"og:description\" content=\"Dutch stables export horses from The Netherlands worldwide. The horses can be transported by plain (KLM Cargo for horses), car and by other means.\" \/>\n<meta property=\"og:url\" content=\"https:\/\/topfriesians.com\/de\/transport-of-horses\/\" \/>\n<meta property=\"og:site_name\" content=\"The huge choice of horses in Holland for sale. Friesians in The Netherlands.\" \/>\n<meta property=\"article:modified_time\" content=\"2021-10-19T10:00:30+00:00\" \/>\n<meta name=\"twitter:card\" content=\"summary_large_image\" \/>\n<meta name=\"twitter:label1\" content=\"Gesch\u00e4tzte Lesezeit\" \/>\n\t<meta name=\"twitter:data1\" content=\"3\u00a0Minuten\" \/>\n<script type=\"application\/ld+json\" class=\"yoast-schema-graph\">{\"@context\":\"https:\\\/\\\/schema.org\",\"@graph\":[{\"@type\":\"WebPage\",\"@id\":\"https:\\\/\\\/topfriesians.com\\\/ru\\\/transport-of-horses\\\/\",\"url\":\"https:\\\/\\\/topfriesians.com\\\/ru\\\/transport-of-horses\\\/\",\"name\":\"Export and transport of horses from Holland\",\"isPartOf\":{\"@id\":\"https:\\\/\\\/topfriesians.com\\\/#website\"},\"datePublished\":\"2021-10-12T06:41:15+00:00\",\"dateModified\":\"2021-10-19T10:00:30+00:00\",\"description\":\"Dutch stables export horses from The Netherlands worldwide. The horses can be transported by plain (KLM Cargo for horses), car and by other means.\",\"breadcrumb\":{\"@id\":\"https:\\\/\\\/topfriesians.com\\\/ru\\\/transport-of-horses\\\/#breadcrumb\"},\"inLanguage\":\"de\",\"potentialAction\":[{\"@type\":\"ReadAction\",\"target\":[\"https:\\\/\\\/topfriesians.com\\\/ru\\\/transport-of-horses\\\/\"]}]},{\"@type\":\"BreadcrumbList\",\"@id\":\"https:\\\/\\\/topfriesians.com\\\/ru\\\/transport-of-horses\\\/#breadcrumb\",\"itemListElement\":[{\"@type\":\"ListItem\",\"position\":1,\"name\":\"Home\",\"item\":\"https:\\\/\\\/topfriesians.com\\\/\"},{\"@type\":\"ListItem\",\"position\":2,\"name\":\"Transport of horses\"}]},{\"@type\":\"WebSite\",\"@id\":\"https:\\\/\\\/topfriesians.com\\\/#website\",\"url\":\"https:\\\/\\\/topfriesians.com\\\/\",\"name\":\"The huge choice of horses in Holland for sale. Friesians in The Netherlands.\",\"description\":\"Trading &amp; export of horses. Top Friesians for any taste.\",\"publisher\":{\"@id\":\"https:\\\/\\\/topfriesians.com\\\/#organization\"},\"potentialAction\":[{\"@type\":\"SearchAction\",\"target\":{\"@type\":\"EntryPoint\",\"urlTemplate\":\"https:\\\/\\\/topfriesians.com\\\/?s={search_term_string}\"},\"query-input\":{\"@type\":\"PropertyValueSpecification\",\"valueRequired\":true,\"valueName\":\"search_term_string\"}}],\"inLanguage\":\"de\"},{\"@type\":\"Organization\",\"@id\":\"https:\\\/\\\/topfriesians.com\\\/#organization\",\"name\":\"The huge choice of horses in Holland for sale. Friesians in The Netherlands.\",\"url\":\"https:\\\/\\\/topfriesians.com\\\/\",\"logo\":{\"@type\":\"ImageObject\",\"inLanguage\":\"de\",\"@id\":\"https:\\\/\\\/topfriesians.com\\\/#\\\/schema\\\/logo\\\/image\\\/\",\"url\":\"https:\\\/\\\/topfriesians.com\\\/wp-content\\\/uploads\\\/2024\\\/02\\\/cropped-logo.png\",\"contentUrl\":\"https:\\\/\\\/topfriesians.com\\\/wp-content\\\/uploads\\\/2024\\\/02\\\/cropped-logo.png\",\"width\":498,\"height\":446,\"caption\":\"The huge choice of horses in Holland for sale. Friesians in The Netherlands.\"},\"image\":{\"@id\":\"https:\\\/\\\/topfriesians.com\\\/#\\\/schema\\\/logo\\\/image\\\/\"}}]}<\/script>\n<!-- \/ Yoast SEO plugin. -->","yoast_head_json":{"title":"Friesische Pferde zum Verkauf in Holand: Hengste, Stuten, Wallache, Fohlen","description":"Der Stall von Martijn Meijer exportiert Pferde aus den Niederlanden weltweit.","robots":{"index":"index","follow":"follow","max-snippet":"max-snippet:-1","max-image-preview":"max-image-preview:large","max-video-preview":"max-video-preview:-1"},"canonical":"https:\/\/topfriesians.com\/de\/transport-of-horses\/","og_locale":"de_DE","og_type":"article","og_title":"Export and transport of horses from Holland","og_description":"Dutch stables export horses from The Netherlands worldwide. The horses can be transported by plain (KLM Cargo for horses), car and by other means.","og_url":"https:\/\/topfriesians.com\/de\/transport-of-horses\/","og_site_name":"The huge choice of horses in Holland for sale. Friesians in The Netherlands.","article_modified_time":"2021-10-19T10:00:30+00:00","twitter_card":"summary_large_image","twitter_misc":{"Gesch\u00e4tzte Lesezeit":"3\u00a0Minuten"},"schema":{"@context":"https:\/\/schema.org","@graph":[{"@type":"WebPage","@id":"https:\/\/topfriesians.com\/ru\/transport-of-horses\/","url":"https:\/\/topfriesians.com\/ru\/transport-of-horses\/","name":"Friesische Pferde zum Verkauf in Holand: Hengste, Stuten, Wallache, Fohlen","isPartOf":{"@id":"https:\/\/topfriesians.com\/#website"},"datePublished":"2021-10-12T06:41:15+00:00","dateModified":"2021-10-19T10:00:30+00:00","description":"Der Stall von Martijn Meijer exportiert Pferde aus den Niederlanden weltweit.","breadcrumb":{"@id":"https:\/\/topfriesians.com\/ru\/transport-of-horses\/#breadcrumb"},"inLanguage":"de","potentialAction":[{"@type":"ReadAction","target":["https:\/\/topfriesians.com\/ru\/transport-of-horses\/"]}]},{"@type":"BreadcrumbList","@id":"https:\/\/topfriesians.com\/ru\/transport-of-horses\/#breadcrumb","itemListElement":[{"@type":"ListItem","position":1,"name":"Home","item":"https:\/\/topfriesians.com\/"},{"@type":"ListItem","position":2,"name":"Transport of horses"}]},{"@type":"WebSite","@id":"https:\/\/topfriesians.com\/#website","url":"https:\/\/topfriesians.com\/","name":"Friesen aus Holland zum Verkauf","description":"Trading &amp; export of horses. Top Friesians for any taste.","publisher":{"@id":"https:\/\/topfriesians.com\/#organization"},"potentialAction":[{"@type":"SearchAction","target":{"@type":"EntryPoint","urlTemplate":"https:\/\/topfriesians.com\/?s={search_term_string}"},"query-input":{"@type":"PropertyValueSpecification","valueRequired":true,"valueName":"search_term_string"}}],"inLanguage":"de"},{"@type":"Organization","@id":"https:\/\/topfriesians.com\/#organization","name":"Friesen aus Holland zum Verkauf","url":"https:\/\/topfriesians.com\/","logo":{"@type":"ImageObject","inLanguage":"de","@id":"https:\/\/topfriesians.com\/#\/schema\/logo\/image\/","url":"https:\/\/topfriesians.com\/wp-content\/uploads\/2024\/02\/cropped-logo.png","contentUrl":"https:\/\/topfriesians.com\/wp-content\/uploads\/2024\/02\/cropped-logo.png","width":498,"height":446,"caption":"The huge choice of horses in Holland for sale. Friesians in The Netherlands."},"image":{"@id":"https:\/\/topfriesians.com\/#\/schema\/logo\/image\/"}}]}},"_links":{"self":[{"href":"https:\/\/topfriesians.com\/de\/wp-json\/wp\/v2\/pages\/3079","targetHints":{"allow":["GET"]}}],"collection":[{"href":"https:\/\/topfriesians.com\/de\/wp-json\/wp\/v2\/pages"}],"about":[{"href":"https:\/\/topfriesians.com\/de\/wp-json\/wp\/v2\/types\/page"}],"author":[{"embeddable":true,"href":"https:\/\/topfriesians.com\/de\/wp-json\/wp\/v2\/users\/3"}],"replies":[{"embeddable":true,"href":"https:\/\/topfriesians.com\/de\/wp-json\/wp\/v2\/comments?post=3079"}],"version-history":[{"count":18,"href":"https:\/\/topfriesians.com\/de\/wp-json\/wp\/v2\/pages\/3079\/revisions"}],"predecessor-version":[{"id":3882,"href":"https:\/\/topfriesians.com\/de\/wp-json\/wp\/v2\/pages\/3079\/revisions\/3882"}],"wp:attachment":[{"href":"https:\/\/topfriesians.com\/de\/wp-json\/wp\/v2\/media?parent=3079"}],"curies":[{"name":"wp","href":"https:\/\/api.w.org\/{rel}","templated":true}]}}